{"id":3,"date":"2023-05-17T13:01:39","date_gmt":"2023-05-17T11:01:39","guid":{"rendered":"https:\/\/kletterleben.de\/CMS\/?page_id=3"},"modified":"2023-06-29T17:37:26","modified_gmt":"2023-06-29T15:37:26","slug":"datenschutzerklaerung","status":"publish","type":"page","link":"https:\/\/kletterleben.de\/CMS\/datenschutzerklaerung\/","title":{"rendered":"Datenschuzterkl\u00e4rung"},"content":{"rendered":"\n<div class=\"wp-block-columns is-layout-flex wp-container-core-columns-is-layout-28f84493 wp-block-columns-is-layout-flex\">\n<div class=\"wp-block-column is-layout-flow wp-block-column-is-layout-flow\">\n<p>(Zur\u00fcck zu Buchungsseite mit dem Zur\u00fcck-Button Ihres Browsers)<\/p>\n<\/div>\n<\/div>\n\n\n\n<p><strong>Vertrag \u00fcber die Auftragsverarbeitung personenbezogener Daten nach EU Datenschutz-Grundverordnung (AV-Vertrag)<\/strong><br><br><em>Cookies<\/em><br><br>Die Internetseite www.KletterLeben.de verwendet Cookies. Eingesetzt werden ausschlie\u00dflich technisch notwendige Cookies ohne Herkunfts- und Weiterleitungsnachverfolgung der Besucher (kein Tracking). Die eingesetzten Cookies dienen ausschlie\u00dflich der ordnungsgem\u00e4\u00dfen Funktion des Kurs-Kalenders und des Reservierungsformulars unter Verwendung der IP-Kennung der Besucher.<\/p>\n\n\n\n<p><em>Daten durch Formulareingaben<\/em><br><br>Mit der Eingabe pers\u00f6nlicher Daten in das Formular zur Reservierung von Kursen auf der Internetseite KletterLeben.de sowie bei \u00dcbertragung von pers\u00f6nlichen Daten auf anderen Wegen an KletterLeben Dr. Michael Reinicke kommt ein Vertrag zustande \u00fcber die Auftragsverarbeitung personenbezogener Daten zwischen<br><br>der datengebenden Person (im Folgenden Auftraggeber genannt)<br><br>und<br><br>KletterLeben Dr. Michael Reinicke, Spessartring 18, 64287 Darmstadt (im Folgenden Auftragnehmer genannt)<br><br>1 Einleitung, Geltungsbereich, Definitionen<br><br>(1) Dieser Vertrag regelt die Rechte und Pflichten von Auftraggeber und -nehmer (im Folgenden &#8222;Parteien&#8220; genannt) im Rahmen einer Verarbeitung von personenbezogenen Daten im Auftrag.<br><br>(2) Dieser Vertrag findet auf alle T\u00e4tigkeiten Anwendung, bei denen Mitarbeiter des Auftragnehmers oder durch ihn beauftragte Unterauftragnehmer (Subunternehmer) personenbezogene Daten des Auftraggebers verarbeiten.<br><br>(3) In diesem Vertrag verwendete Begriffe sind entsprechend ihrer Definition in der EU Datenschutz-Grundverordnung zu verstehen. Soweit Erkl\u00e4rungen im Folgenden &#8222;schriftlich&#8220; zu erfolgen haben, ist die Schriftform nach \u00a7 126 BGB gemeint. Im \u00dcbrigen k\u00f6nnen Erkl\u00e4rungen auch in anderer Form erfolgen, soweit eine angemessene Nachweisbarkeit gew\u00e4hrleistet ist.<br><br>2 Gegenstand und Dauer der Verarbeitung<br><br>2.1 Gegenstand<br><br>Der Auftragnehmer \u00fcbernimmt folgende Verarbeitungen:<br><br>Speicherung und Verwendung der Daten, die vom Auftraggeber an den Auftragnehmer \u00fcbertragen werden.<br><br>Die Verarbeitung beruht auf dem zwischen den Parteien bestehenden Dienstleistungsvertrag (im Folgenden &#8222;Hauptvertrag&#8220;).<br><br>2.2 Dauer<br><br>Die Verarbeitung beginnt mit der \u00dcbertragung der Daten an den Auftragnehmer und erfolgt auf unbestimmte Zeit bis zur K\u00fcndigung dieses Vertrags oder des Hauptvertrags durch eine Partei.<br><br>3 Art und Zweck der Datenerhebung, -verarbeitung oder -nutzung:<br><br>3.1 Art und Zweck der Verarbeitung<br><br>Die Verarbeitung ist folgender Art: Erhebung, Erfassung und Speicherung<br>Die Verarbeitung dient folgendem Zweck: Kontaktaufnahme zum Auftragnehmer<br><br>3.2 Art der Daten<br><br>Es werden folgende Daten verarbeitet:<br><br>Alle vom Auftraggeber an den Auftragnehmer \u00fcbertragenen Daten<br><br>4 Pflichten des Auftragnehmers<br><br>(1) Der Auftragnehmer verarbeitet personenbezogene Daten ausschlie\u00dflich wie vertraglich vereinbart oder wie vom Auftraggeber angewiesen, es sei denn, der Auftragnehmer ist gesetzlich zu einer bestimmten Verarbeitung verpflichtet. Der Auftragnehmer verwendet dar\u00fcber hinaus die zur Verarbeitung \u00fcberlassenen Daten f\u00fcr keine anderen Zwecke.<br><br>(2) Der Auftragnehmer best\u00e4tigt, dass ihm die einschl\u00e4gigen, allgemeinen datenschutzrechtlichen Vorschriften bekannt sind. Er beachtet die Grunds\u00e4tze ordnungsgem\u00e4\u00dfer Datenverarbeitung.<br><br>(3) Der Auftragnehmer verpflichtet sich, bei der Verarbeitung die Vertraulichkeit streng zu wahren.<br><br>(4) Personen, die Kenntnis von den im Auftrag verarbeiteten Daten erhalten k\u00f6nnen, haben sich schriftlich zur Vertraulichkeit zu verpflichten, soweit sie nicht bereits gesetzlich einer einschl\u00e4gigen Geheimhaltungspflicht unterliegen.<br><br>(5) Der Auftragnehmer sichert zu, dass die bei ihm zur Verarbeitung eingesetzten Personen vor Beginn der Verarbeitung mit den relevanten Bestimmungen des Datenschutzes und dieses Vertrags vertraut gemacht wurden.<br><br>(6) Die Auftragsverarbeitung erfolgt grunds\u00e4tzlichinnerhalb der EU oder des EWR. Jegliche Verlagerung in ein Drittland darf nur mit Zustimmung des Auftraggebers und unter den in Kapitel V der Datenschutz-Grundverordnung enthaltenen Bedingungen sowie bei Einhaltung der Bestimmungen dieses Vertrags erfolgen.<br><br>5 Regelungen zur Berichtigung, L\u00f6schung und Sperrung von Daten<br><br>(1) Im Rahmen des Auftrags verarbeitete Daten wird der Auftragnehmer nur entsprechend der getroffenen vertraglichen Vereinbarung oder nach Weisung des Auftraggebers berichtigen, l\u00f6schen oder sperren.<br><br>(2) Den entsprechenden Weisungen des Auftraggebers wird der Auftragnehmer jederzeit und auch \u00fcber die Beendigung dieses Vertrages hinaus Folge leisten. 6 Rechte und Pflichten des Auftraggebers<br><br>(1) F\u00fcr die Beurteilung der Zul\u00e4ssigkeit der beauftragten Verarbeitung sowie f\u00fcr die Wahrung der Rechte von Betroffenen ist allein der Auftraggeber verantwortlich.<br><br>(2) Der Auftraggeber informiert den Auftragnehmer unverz\u00fcglich, wenn er Fehler oder Unregelm\u00e4\u00dfigkeiten bei der Pr\u00fcfung der Auftragsergebnisse feststellt.<br><br>7 Mitteilungspflichten<br><br>(1) Der Auftragnehmer teilt dem Auftraggeber Verletzungen des Schutzes personenbezogener Daten unverz\u00fcglich mit. Auch begr\u00fcndete Verdachtsf\u00e4lle hierauf sind mitzuteilen. Die Mitteilung hat sp\u00e4testens innerhalb von 24 Stunden ab Kenntnis des Auftragnehmers vom relevanten Ereignis an eine vom Auftraggeber benannte Adresse zu erfolgen. Sie muss mindestens folgende Angaben enthalten:<br><br>a. eine Beschreibung der Art der Verletzung des Schutzes personenbezogener Daten, soweit m\u00f6glich mit Angabe der Kategorien und der ungef\u00e4hren Zahl der betroffenen Personen, der betroffenen Kategorien und der ungef\u00e4hren Zahl der betroffenen personenbezogenen Datens\u00e4tze;<br><br>b. den Namen und die Kontaktdaten des Datenschutzbeauftragten oder einer sonstigen Anlaufstelle f\u00fcr weitere Informationen;<br><br>c. eine Beschreibung der wahrscheinlichen Folgen der Verletzung des Schutzes personenbezogener Daten;<br><br>d. eine Beschreibung der vom Auftragnehmer ergriffenen oder vorgeschlagenen Ma\u00dfnahmen zur Behebung der Verletzung des Schutzes personenbezogener Daten und gegebenenfalls Ma\u00dfnahmen zur Abmilderung ihrer m\u00f6glichen nachteiligen Auswirkungen<br><br>(2) Der Auftragnehmer informiert den Auftraggeber unverz\u00fcglich von Kontrollen oder Ma\u00dfnahmen von Aufsichtsbeh\u00f6rden oder anderen Dritten, soweit diese Bez\u00fcge zur Auftragsverarbeitung aufweisen.<br><br>8 Weisungen<br><br>(1) Der Auftraggeber hat hinsichtlich der Verarbeitung seiner Daten ein umfassendes Weisungsrecht.<br><br>(2) Der Auftragnehmer wird den Auftraggeber unverz\u00fcglich darauf aufmerksam machen, wenn eine vom Auftraggeber erteilte Weisung seiner Meinung nach gegen gesetzliche Vorschriften verst\u00f6\u00dft. Der Auftragnehmer ist berechtigt, die Durchf\u00fchrung der entsprechenden Weisung solange auszusetzen, bis sie durch den Verantwortlichen beim Auftraggeber best\u00e4tigt oder ge\u00e4ndert wird.<br><br>9 Beendigung des Auftrags<br><br>(1) Jederzeit auf Verlangen des Auftraggebers hat der Auftragnehmer die im Auftrag verarbeiteten Daten nach Wahl des Auftraggebers entweder zu vernichten oder an den Auftraggeber zu \u00fcbergeben. Ebenfalls zu vernichten sind s\u00e4mtliche vorhandene Kopien der Daten. Die Vernichtung hat so zu erfolgen, dass eine Wiederherstellung auch von Restinformationen mit vertretbarem Aufwand nicht mehr m\u00f6glich ist.<br><br>(2) Der Auftragnehmer ist verpflichtet, die unverz\u00fcgliche R\u00fcckgabe bzw. L\u00f6schung auch bei Subunternehmern herbeizuf\u00fchren.<br><br>(3) Dokumentationen, die dem Nachweis der ordnungsgem\u00e4\u00dfen Datenverarbeitung dienen, sind durch den Auftragnehmer den jeweiligen Aufbewahrungsfristen entsprechend auch \u00fcber das Vertragsende hinaus aufzubewahren. Er kann sie zu seiner Entlastung dem Auftraggeber bei Vertragsende \u00fcbergeben.<br><br>10 Haftung<br><br>(1) F\u00fcr den Ersatz von Sch\u00e4den, die eine Person wegen einer unzul\u00e4ssigen oder unrichtigen Datenverarbeitung im Rahmen des Auftragsverh\u00e4ltnisses erleidet, haften Auftraggeber und Auftragnehmer als Gesamtschuldner.<br><br>(2) Der Auftragnehmer haftet dem Auftraggeber f\u00fcr Sch\u00e4den, die der Auftragnehmer, seine Mitarbeiter bzw. die von ihm mit der Vertragsdurchf\u00fchrung Beauftragten oder die von ihm eingesetzten Subdienstleister im Zusammenhang mit der Erbringung der beauftragten vertraglichen Leistung schuldhaft verursachen.<br><br>11 Sonstiges<br><br>(1) Sollte Eigentum des Auftraggebers beim Auftragnehmer durch Ma\u00dfnahmen Dritter (etwa durch Pf\u00e4ndung oder Beschlagnahme), durch ein Insolvenz- oder Vergleichsverfahren oder durch sonstige Ereignisse gef\u00e4hrdet werden, so hat der Auftragnehmer den Auftraggeber unverz\u00fcglich zu verst\u00e4ndigen.<br><br>(2) Sollten einzelne Teile dieser Vereinbarung unwirksam sein, so ber\u00fchrt dies die Wirksamkeit der Vereinbarung im \u00dcbrigen nicht.<br><br>\u00a9 by activemind.de &#8211; Angepasst von KletterLeben<\/p>\n\n\n\n<p>(Zur\u00fcck zu Buchungsseite mit dem Zur\u00fcck-Button Ihres Browsers)<\/p>\n","protected":false},"excerpt":{"rendered":"<p>(Zur\u00fcck zu Buchungsseite mit dem Zur\u00fcck-Button Ihres Browsers) Vertrag \u00fcber die Auftragsverarbeitung personenbezogener Daten nach EU Datenschutz-Grundverordnung (AV-Vertrag) Cookies Die Internetseite www.KletterLeben.de verwendet Cookies. Eingesetzt werden ausschlie\u00dflich technisch notwendige Cookies ohne Herkunfts- und Weiterleitungsnachverfolgung der Besucher (kein Tracking). Die eingesetzten Cookies dienen ausschlie\u00dflich der ordnungsgem\u00e4\u00dfen Funktion des Kurs-Kalenders und des Reservierungsformulars unter Verwendung der IP-Kennung [&hellip;]<\/p>\n","protected":false},"author":1,"featured_media":0,"parent":0,"menu_order":0,"comment_status":"closed","ping_status":"open","template":"","meta":{"footnotes":""},"class_list":["post-3","page","type-page","status-publish","hentry"],"_links":{"self":[{"href":"https:\/\/kletterleben.de\/CMS\/wp-json\/wp\/v2\/pages\/3","targetHints":{"allow":["GET"]}}],"collection":[{"href":"https:\/\/kletterleben.de\/CMS\/wp-json\/wp\/v2\/pages"}],"about":[{"href":"https:\/\/kletterleben.de\/CMS\/wp-json\/wp\/v2\/types\/page"}],"author":[{"embeddable":true,"href":"https:\/\/kletterleben.de\/CMS\/wp-json\/wp\/v2\/users\/1"}],"replies":[{"embeddable":true,"href":"https:\/\/kletterleben.de\/CMS\/wp-json\/wp\/v2\/comments?post=3"}],"version-history":[{"count":10,"href":"https:\/\/kletterleben.de\/CMS\/wp-json\/wp\/v2\/pages\/3\/revisions"}],"predecessor-version":[{"id":153,"href":"https:\/\/kletterleben.de\/CMS\/wp-json\/wp\/v2\/pages\/3\/revisions\/153"}],"wp:attachment":[{"href":"https:\/\/kletterleben.de\/CMS\/wp-json\/wp\/v2\/media?parent=3"}],"curies":[{"name":"wp","href":"https:\/\/api.w.org\/{rel}","templated":true}]}}